{"id":691,"date":"2017-08-23T15:47:10","date_gmt":"2017-08-23T15:47:10","guid":{"rendered":"http:\/\/nxtweb.blueprofit.eu\/?page_id=691"},"modified":"2017-11-03T13:50:00","modified_gmt":"2017-11-03T13:50:00","slug":"contact-us","status":"publish","type":"page","link":"https:\/\/blueprofit.com\/de\/contact-us\/","title":{"rendered":"Kontakt"},"content":{"rendered":"<div  class=\"tatsu-id8heqac0s7a8tip tatsu-section    tatsu-clearfix\" data-title=\"\"  data-headerscheme=\"background--dark\"><div class='tatsu-section-pad clearfix' data-padding='200px 0px 90px 0px ' data-padding-top='200px'><div class=\"tatsu-row-wrap  tatsu-wrap tatsu-row-one-col tatsu-row-has-one-cols tatsu-medium-gutter tatsu-reg-cols  tatsu-clearfix tatsu-id8heqadla6o0hu5\" ><div  class=\"tatsu-row \" ><div  class=\"tatsu-column  tatsu-column-no-bg tatsu-one-col tatsu-column-image- tatsu-column-effect-  tatsu-id8heqadvwaxyox9\" data-animation=\"fadeIn\"   data-parallax-speed=\"0\" style=\"\"><div class=\"tatsu-column-inner \" ><div class=\"tatsu-column-pad-wrap\"><div class=\"tatsu-column-pad\" ><div  class=\"tatsu-module tatsu-text-block-wrap tatsu-id8heqae8fb2nutq  \"><div class=\"tatsu-text-inner   clearfix\" data-animation=\"fadeIn\"  ><style>.tatsu-id8heqae8fb2nutq.tatsu-text-block-wrap .tatsu-text-inner{width: 100%;}<\/style>\n<h1><span style=\"font-size: 36pt; color: #ffffff;\">Kontaktieren Sie uns<\/span><\/h1>\n<h2><span style=\"color: #ffffff;\">Das BlueProfit B\u00fcro befindet sich im sch\u00f6nen M\u00fcnchner Stadtzentrum.<\/span><\/h2>\n<\/div><\/div><\/div><\/div><div class = \"tatsu-column-bg-image-wrap\"><div class = \"tatsu-column-bg-image\" ><\/div><\/div><\/div><style>.tatsu-id8heqadvwaxyox9.tatsu-column > .tatsu-column-inner > .tatsu-column-pad-wrap > .tatsu-column-pad{padding: 0px 0px 0px 0px;}.tatsu-id8heqadvwaxyox9.tatsu-column > .tatsu-column-inner > .tatsu-column-overlay{mix-blend-mode: none;}.tatsu-id8heqadvwaxyox9 > .tatsu-column-inner > .tatsu-top-divider{z-index: 9999;}.tatsu-id8heqadvwaxyox9 > .tatsu-column-inner > .tatsu-bottom-divider{z-index: 9999;}.tatsu-id8heqadvwaxyox9 > .tatsu-column-inner > .tatsu-left-divider{z-index: 9999;}.tatsu-id8heqadvwaxyox9 > .tatsu-column-inner > .tatsu-right-divider{z-index: 9999;}.tatsu-id8heqadvwaxyox9.tatsu-column{transform: translate3d(0px,0px, 0);}<\/style><\/div><\/div><\/div><\/div><div class=\"tatsu-section-background-wrap\"><div class = \"tatsu-section-background\" ><\/div><\/div><style>.tatsu-id8heqac0s7a8tip .tatsu-section-background{background-image: url(https:\/\/blueprofit.com\/wp-content\/uploads\/2017\/11\/blueprofit-contact-us.jpg);background-repeat: no-repeat;background-attachment: scroll;background-position: center center;background-size: cover;}.tatsu-id8heqac0s7a8tip .tatsu-bg-blur{background-repeat: no-repeat;background-attachment: scroll;background-position: center center;background-size: cover;}.tatsu-id8heqac0s7a8tip .tatsu-section-pad{padding: 200px 0px 90px 0px ;}.tatsu-id8heqac0s7a8tip.tatsu-section{margin: 0px 0px 0px 0px;}.tatsu-id8heqac0s7a8tip > .tatsu-bottom-divider{z-index: 9999;}.tatsu-id8heqac0s7a8tip > .tatsu-top-divider{z-index: 9999;}<\/style><\/div><div  class=\"tatsu-id8heqaed8efbh6m tatsu-section    tatsu-clearfix\" data-title=\"\"  data-headerscheme=\"background--dark\"><div class='tatsu-section-pad clearfix' data-padding='70px 0px 70px 0px ' data-padding-top='70px'><div class=\"tatsu-row-wrap  tatsu-wrap tatsu-row-has-two-cols tatsu-no-gutter tatsu-eq-cols  tatsu-clearfix tatsu-id8heqaeo3m5jzq\" ><div  class=\"tatsu-row \" ><div  class=\"tatsu-column  tatsu-one-fourth tatsu-column-align-middle tatsu-column-image- tatsu-column-effect-  tatsu-id8heqaeutelms9i\" data-animation=\"fadeIn\"   data-parallax-speed=\"0\" style=\"\"><div class=\"tatsu-column-inner \" ><div class=\"tatsu-column-pad-wrap\"><div class=\"tatsu-column-pad\" ><div  class=\"tatsu-module tatsu-text-block-wrap tatsu-id8heqaf4jd0ioue  \"><div class=\"tatsu-text-inner tatsu-align-center  clearfix\" data-animation=\"fadeIn\"  ><style>.tatsu-id8heqaf4jd0ioue.tatsu-text-block-wrap .tatsu-text-inner{width: 90%;}<\/style>\n<p>Telefon:\u00a0+49 89 4185 4945<br \/> Fax:\u00a0+49 89 4185 4946<br \/> Skype:\u00a0BlueProfit<br \/> Email:\u00a0<a href=\"mailto:office@blueprofit.com\">office@blueprofit.com<\/a><\/p>\n<p><img decoding=\"async\" loading=\"lazy\" class=\"alignnone wp-image-10\" src=\"https:\/\/blueprofit.com\/wp-content\/uploads\/2017\/08\/blueprofit.png\" alt=\"\" width=\"148\" height=\"40\" \/><br \/> Viktoriastra\u00dfe 1<br \/>80803 M\u00fcnchen<\/p>\n<\/div><\/div><\/div><\/div><div class = \"tatsu-column-bg-image-wrap\"><div class = \"tatsu-column-bg-image\" ><\/div><\/div><\/div><style>.tatsu-id8heqaeutelms9i.tatsu-column > .tatsu-column-inner{background-color: rgba(248,248,248,1);}.tatsu-id8heqaeutelms9i.tatsu-column > .tatsu-column-inner > .tatsu-column-pad-wrap > .tatsu-column-pad{padding: 0px 0px 0px 0px;}.tatsu-id8heqaeutelms9i.tatsu-column > .tatsu-column-inner > .tatsu-column-overlay{mix-blend-mode: none;}.tatsu-id8heqaeutelms9i > .tatsu-column-inner > .tatsu-top-divider{z-index: 9999;}.tatsu-id8heqaeutelms9i > .tatsu-column-inner > .tatsu-bottom-divider{z-index: 9999;}.tatsu-id8heqaeutelms9i > .tatsu-column-inner > .tatsu-left-divider{z-index: 9999;}.tatsu-id8heqaeutelms9i > .tatsu-column-inner > .tatsu-right-divider{z-index: 9999;}.tatsu-id8heqaeutelms9i.tatsu-column{transform: translate3d(0px,0px, 0);}<\/style><\/div><div  class=\"tatsu-column  tatsu-column-no-bg tatsu-three-fourth tatsu-column-image- tatsu-column-effect-  tatsu-id8heqaf966unrzn\" data-animation=\"fadeIn\"   data-parallax-speed=\"0\" style=\"\"><div class=\"tatsu-column-inner \" ><div class=\"tatsu-column-pad-wrap\"><div class=\"tatsu-column-pad\" ><div  class=\"tatsu-module tatsu-gmap-wrapper be-gdpr-consent-required tatsu-id8heqafii3h6n7r   \" data-gdpr-concern=\"gmaps\" data-animation=\"fadeIn\"  ><div class=\"tatsu-gmap map_960\" data-address=\"BlueProfit, Viktoriastra\u00dfe 1, 80803 M\u00fcnchen\" data-zoom=\"14\" data-latitude=\"48.1622224\" data-longitude=\"11.5796483\" data-marker=\"\" data-style=\"standard\"><\/div><style>.tatsu-id8heqafii3h6n7r{height: 300px;}<\/style><\/div><\/div><\/div><div class = \"tatsu-column-bg-image-wrap\"><div class = \"tatsu-column-bg-image\" ><\/div><\/div><\/div><style>.tatsu-id8heqaf966unrzn.tatsu-column > .tatsu-column-inner > .tatsu-column-pad-wrap > .tatsu-column-pad{padding: 0px 0px 0px 0px;}.tatsu-id8heqaf966unrzn.tatsu-column > .tatsu-column-inner > .tatsu-column-overlay{mix-blend-mode: none;}.tatsu-id8heqaf966unrzn > .tatsu-column-inner > .tatsu-top-divider{z-index: 9999;}.tatsu-id8heqaf966unrzn > .tatsu-column-inner > .tatsu-bottom-divider{z-index: 9999;}.tatsu-id8heqaf966unrzn > .tatsu-column-inner > .tatsu-left-divider{z-index: 9999;}.tatsu-id8heqaf966unrzn > .tatsu-column-inner > .tatsu-right-divider{z-index: 9999;}.tatsu-id8heqaf966unrzn.tatsu-column{transform: translate3d(0px,0px, 0);}<\/style><\/div><\/div><\/div><div class=\"tatsu-row-wrap  tatsu-wrap tatsu-row-one-col tatsu-row-has-one-cols tatsu-zero-margin tatsu-small-gutter tatsu-reg-cols  tatsu-clearfix tatsu-id8heqafmnbkceh5\" ><div  class=\"tatsu-row \" ><div  class=\"tatsu-column  tatsu-column-no-bg tatsu-one-col tatsu-column-image- tatsu-column-effect-  tatsu-id8heqaftr9b2f4e\" data-animation=\"fadeIn\"   data-parallax-speed=\"0\" style=\"\"><div class=\"tatsu-column-inner \" ><div class=\"tatsu-column-pad-wrap\"><div class=\"tatsu-column-pad\" ><div  class=\"tatsu-module tatsu-text-block-wrap tatsu-id8heqag4eek516h  \"><div class=\"tatsu-text-inner   clearfix\" data-animation=\"fadeIn\"  ><style>.tatsu-id8heqag4eek516h.tatsu-text-block-wrap .tatsu-text-inner{width: 100%;}<\/style>\n<h2 style=\"text-align: center;\">Schreiben Sie uns eine Nachricht<\/h2>\n<p>\n<div class=\"wpcf7 no-js\" id=\"wpcf7-f662-o1\" lang=\"de-DE\" dir=\"ltr\">\n<div class=\"screen-reader-response\"><p role=\"status\" aria-live=\"polite\" aria-atomic=\"true\"><\/p> <ul><\/ul><\/div>\n<form action=\"\/de\/wp-json\/wp\/v2\/pages\/691#wpcf7-f662-o1\" method=\"post\" class=\"wpcf7-form init\" aria-label=\"Kontaktformular\" novalidate=\"novalidate\" data-status=\"init\">\n<div style=\"display: none;\">\n<input type=\"hidden\" name=\"_wpcf7\" value=\"662\" \/>\n<input type=\"hidden\" name=\"_wpcf7_version\" value=\"5.7.3\" \/>\n<input type=\"hidden\" name=\"_wpcf7_locale\" value=\"de_DE\" \/>\n<input type=\"hidden\" name=\"_wpcf7_unit_tag\" value=\"wpcf7-f662-o1\" \/>\n<input type=\"hidden\" name=\"_wpcf7_container_post\" value=\"0\" \/>\n<input type=\"hidden\" name=\"_wpcf7_posted_data_hash\" value=\"\" \/>\n<\/div>\n<div id=\"responsive-form\" class=\"clearfix\">\n\t<div class=\"form-row\">\n\t\t<div class=\"column-half\">\n\t\t\t<p><label> Ihr Name | Firmenname<br \/>\n<span class=\"wpcf7-form-control-wrap\" data-name=\"your-name\"><input size=\"40\" class=\"wpcf7-form-control wpcf7-text\" aria-invalid=\"false\" value=\"\" type=\"text\" name=\"your-name\" \/><\/span> <\/label>\n\t\t\t<\/p>\n\t\t\t<p><label> Ihre Email-Adresse (Pflichtfeld)<br \/>\n<span class=\"wpcf7-form-control-wrap\" data-name=\"your-email\"><input size=\"40\" class=\"wpcf7-form-control wpcf7-text wpcf7-email wpcf7-validates-as-required wpcf7-validates-as-email\" aria-required=\"true\" aria-invalid=\"false\" value=\"\" type=\"email\" name=\"your-email\" \/><\/span> <\/label>\n\t\t\t<\/p>\n\t\t\t<p><label> Betreff<br \/>\n<span class=\"wpcf7-form-control-wrap\" data-name=\"your-subject\"><input size=\"40\" class=\"wpcf7-form-control wpcf7-text\" aria-invalid=\"false\" value=\"\" type=\"text\" name=\"your-subject\" \/><\/span> <\/label>\n\t\t\t<\/p>\n\t\t<\/div>\n\t\t<div class=\"column-half\">\n\t\t\t<p><label> Ihre Nachricht<br \/>\n<span class=\"wpcf7-form-control-wrap\" data-name=\"your-message\"><textarea cols=\"40\" rows=\"10\" class=\"wpcf7-form-control wpcf7-textarea\" aria-invalid=\"false\" name=\"your-message\"><\/textarea><\/span> <\/label>\n\t\t\t<\/p>\n\t\t\t<p><label><br \/>\n<span class=\"wpcf7-form-control-wrap\" data-name=\"acceptance-596\"><span class=\"wpcf7-form-control wpcf7-acceptance\"><span class=\"wpcf7-list-item\"><input type=\"checkbox\" name=\"acceptance-596\" value=\"1\" aria-invalid=\"false\" \/><\/span><\/span><\/span> \"Ich habe die <strong><a href=\"https:\/\/blueprofit.com\/de\/datenschutzerklaerung\/\">Datenschutzerkl\u00e4rung<\/a><\/strong> gelesen und willige in die darin beschriebene Verarbeitung meiner Daten im Zuge des Kontaktformulars ein.\"<br \/>\n<\/label><br \/>\n<input class=\"wpcf7-form-control has-spinner wpcf7-submit\" type=\"submit\" value=\"senden\" \/>\n\t\t\t<\/p>\n\t\t<\/div>\n\t<\/div>\n<\/div><div class=\"wpcf7-response-output\" aria-hidden=\"true\"><\/div>\n<\/form>\n<\/div>\n<br \/>\n<\/div><\/div><\/div><\/div><div class = \"tatsu-column-bg-image-wrap\"><div class = \"tatsu-column-bg-image\" ><\/div><\/div><\/div><style>.tatsu-id8heqaftr9b2f4e.tatsu-column > .tatsu-column-inner > .tatsu-column-pad-wrap > .tatsu-column-pad{padding: 0px 0px 0px 0px;}.tatsu-id8heqaftr9b2f4e.tatsu-column > .tatsu-column-inner > .tatsu-column-overlay{mix-blend-mode: none;}.tatsu-id8heqaftr9b2f4e > .tatsu-column-inner > .tatsu-top-divider{z-index: 9999;}.tatsu-id8heqaftr9b2f4e > .tatsu-column-inner > .tatsu-bottom-divider{z-index: 9999;}.tatsu-id8heqaftr9b2f4e > .tatsu-column-inner > .tatsu-left-divider{z-index: 9999;}.tatsu-id8heqaftr9b2f4e > .tatsu-column-inner > .tatsu-right-divider{z-index: 9999;}.tatsu-id8heqaftr9b2f4e.tatsu-column{transform: translate3d(0px,0px, 0);}<\/style><\/div><\/div><\/div><\/div><div class=\"tatsu-section-background-wrap\"><div class = \"tatsu-section-background\" ><\/div><\/div><style>.tatsu-id8heqaed8efbh6m .tatsu-section-pad{padding: 70px 0px 70px 0px ;}.tatsu-id8heqaed8efbh6m.tatsu-section{margin: 0px 0px 0px 0px;}.tatsu-id8heqaed8efbh6m > .tatsu-bottom-divider{z-index: 9999;}.tatsu-id8heqaed8efbh6m > .tatsu-top-divider{z-index: 9999;}<\/style><\/div>\n","protected":false},"excerpt":{"rendered":"<p><a href=\"https:\/\/blueprofit.com\/de\/contact-us\/\" class=\"more-link style1-button\">Weiterlesen<\/a><\/p>","protected":false},"author":5,"featured_media":0,"parent":0,"menu_order":0,"comment_status":"closed","ping_status":"closed","template":"","meta":[],"yoast_head":"<!-- This site is optimized with the Yoast SEO plugin v20.0 - https:\/\/yoast.com\/wordpress\/plugins\/seo\/ -->\n<title>Kontakt - What\u2019s the best way to grow your division?<\/title>\n<meta name=\"robots\" content=\"index, follow, max-snippet:-1, max-image-preview:large, max-video-preview:-1\" \/>\n<link rel=\"canonical\" href=\"https:\/\/blueprofit.com\/de\/contact-us\/\" \/>\n<meta property=\"og:locale\" content=\"de_DE\" \/>\n<meta property=\"og:type\" content=\"article\" \/>\n<meta property=\"og:title\" content=\"Kontakt - What\u2019s the best way to grow your division?\" \/>\n<meta property=\"og:url\" content=\"https:\/\/blueprofit.com\/de\/contact-us\/\" \/>\n<meta property=\"og:site_name\" content=\"What\u2019s the best way to grow your division?\" \/>\n<meta property=\"article:modified_time\" content=\"2017-11-03T13:50:00+00:00\" \/>\n<meta property=\"og:image\" content=\"https:\/\/blueprofit.com\/wp-content\/uploads\/2017\/08\/blueprofit.png\" \/>\n<meta name=\"twitter:card\" content=\"summary_large_image\" \/>\n<meta name=\"twitter:label1\" content=\"Gesch\u00e4tzte Lesezeit\" \/>\n\t<meta name=\"twitter:data1\" content=\"4 Minuten\" \/>\n<script type=\"application\/ld+json\" class=\"yoast-schema-graph\">{\"@context\":\"https:\/\/schema.org\",\"@graph\":[{\"@type\":\"WebPage\",\"@id\":\"https:\/\/blueprofit.com\/de\/contact-us\/\",\"url\":\"https:\/\/blueprofit.com\/de\/contact-us\/\",\"name\":\"Kontakt - What\u2019s the best way to grow your division?\",\"isPartOf\":{\"@id\":\"https:\/\/blueprofit.com\/#website\"},\"datePublished\":\"2017-08-23T15:47:10+00:00\",\"dateModified\":\"2017-11-03T13:50:00+00:00\",\"breadcrumb\":{\"@id\":\"https:\/\/blueprofit.com\/de\/contact-us\/#breadcrumb\"},\"inLanguage\":\"de-DE\",\"potentialAction\":[{\"@type\":\"ReadAction\",\"target\":[\"https:\/\/blueprofit.com\/de\/contact-us\/\"]}]},{\"@type\":\"BreadcrumbList\",\"@id\":\"https:\/\/blueprofit.com\/de\/contact-us\/#breadcrumb\",\"itemListElement\":[{\"@type\":\"ListItem\",\"position\":1,\"name\":\"Startseite\",\"item\":\"https:\/\/blueprofit.com\/de\/\"},{\"@type\":\"ListItem\",\"position\":2,\"name\":\"Kontakt\"}]},{\"@type\":\"WebSite\",\"@id\":\"https:\/\/blueprofit.com\/#website\",\"url\":\"https:\/\/blueprofit.com\/\",\"name\":\"What\u2019s the best way to grow your division?\",\"description\":\"What\u2019s the best way to grow your division? We\u2019ll find out together. Choose Accelerating Growth.\",\"potentialAction\":[{\"@type\":\"SearchAction\",\"target\":{\"@type\":\"EntryPoint\",\"urlTemplate\":\"https:\/\/blueprofit.com\/?s={search_term_string}\"},\"query-input\":\"required name=search_term_string\"}],\"inLanguage\":\"de-DE\"}]}<\/script>\n<!-- \/ Yoast SEO plugin. -->","yoast_head_json":{"title":"Kontakt - What\u2019s the best way to grow your division?","robots":{"index":"index","follow":"follow","max-snippet":"max-snippet:-1","max-image-preview":"max-image-preview:large","max-video-preview":"max-video-preview:-1"},"canonical":"https:\/\/blueprofit.com\/de\/contact-us\/","og_locale":"de_DE","og_type":"article","og_title":"Kontakt - What\u2019s the best way to grow your division?","og_url":"https:\/\/blueprofit.com\/de\/contact-us\/","og_site_name":"What\u2019s the best way to grow your division?","article_modified_time":"2017-11-03T13:50:00+00:00","og_image":[{"url":"https:\/\/blueprofit.com\/wp-content\/uploads\/2017\/08\/blueprofit.png"}],"twitter_card":"summary_large_image","twitter_misc":{"Gesch\u00e4tzte Lesezeit":"4 Minuten"},"schema":{"@context":"https:\/\/schema.org","@graph":[{"@type":"WebPage","@id":"https:\/\/blueprofit.com\/de\/contact-us\/","url":"https:\/\/blueprofit.com\/de\/contact-us\/","name":"Kontakt - What\u2019s the best way to grow your division?","isPartOf":{"@id":"https:\/\/blueprofit.com\/#website"},"datePublished":"2017-08-23T15:47:10+00:00","dateModified":"2017-11-03T13:50:00+00:00","breadcrumb":{"@id":"https:\/\/blueprofit.com\/de\/contact-us\/#breadcrumb"},"inLanguage":"de-DE","potentialAction":[{"@type":"ReadAction","target":["https:\/\/blueprofit.com\/de\/contact-us\/"]}]},{"@type":"BreadcrumbList","@id":"https:\/\/blueprofit.com\/de\/contact-us\/#breadcrumb","itemListElement":[{"@type":"ListItem","position":1,"name":"Startseite","item":"https:\/\/blueprofit.com\/de\/"},{"@type":"ListItem","position":2,"name":"Kontakt"}]},{"@type":"WebSite","@id":"https:\/\/blueprofit.com\/#website","url":"https:\/\/blueprofit.com\/","name":"What\u2019s the best way to grow your division?","description":"What\u2019s the best way to grow your division? We\u2019ll find out together. Choose Accelerating Growth.","potentialAction":[{"@type":"SearchAction","target":{"@type":"EntryPoint","urlTemplate":"https:\/\/blueprofit.com\/?s={search_term_string}"},"query-input":"required name=search_term_string"}],"inLanguage":"de-DE"}]}},"_links":{"self":[{"href":"https:\/\/blueprofit.com\/de\/wp-json\/wp\/v2\/pages\/691"}],"collection":[{"href":"https:\/\/blueprofit.com\/de\/wp-json\/wp\/v2\/pages"}],"about":[{"href":"https:\/\/blueprofit.com\/de\/wp-json\/wp\/v2\/types\/page"}],"author":[{"embeddable":true,"href":"https:\/\/blueprofit.com\/de\/wp-json\/wp\/v2\/users\/5"}],"replies":[{"embeddable":true,"href":"https:\/\/blueprofit.com\/de\/wp-json\/wp\/v2\/comments?post=691"}],"version-history":[{"count":5,"href":"https:\/\/blueprofit.com\/de\/wp-json\/wp\/v2\/pages\/691\/revisions"}],"predecessor-version":[{"id":1195,"href":"https:\/\/blueprofit.com\/de\/wp-json\/wp\/v2\/pages\/691\/revisions\/1195"}],"wp:attachment":[{"href":"https:\/\/blueprofit.com\/de\/wp-json\/wp\/v2\/media?parent=691"}],"curies":[{"name":"wp","href":"https:\/\/api.w.org\/{rel}","templated":true}]}}